{"id":345,"date":"2012-11-24T12:25:24","date_gmt":"2012-11-24T11:25:24","guid":{"rendered":"http:\/\/reformisti.org.rs\/?page_id=345"},"modified":"2012-11-26T18:40:59","modified_gmt":"2012-11-26T17:40:59","slug":"kovacica","status":"publish","type":"page","link":"https:\/\/reformisti.org.rs\/?page_id=345","title":{"rendered":"Kova\u010dica"},"content":{"rendered":"<p>Marijana Ostoji\u0107- predsednik<\/p>\n<p>M<strong>esni Odbori Kova\u010dica<\/strong><\/p>\n<p>Idvor<br \/>\nUzdin<br \/>\nSamo\u0161<br \/>\nPadina<br \/>\nDebelja\u010da<br \/>\nCrepaja<\/p>\n","protected":false},"excerpt":{"rendered":"<p>Marijana Ostoji\u0107- predsednik Mesni Odbori Kova\u010dica Idvor Uzdin Samo\u0161 Padina Debelja\u010da Crepaja<\/p>\n","protected":false},"author":1,"featured_media":0,"parent":0,"menu_order":0,"comment_status":"open","ping_status":"open","template":"","meta":{"footnotes":""},"_links":{"self":[{"href":"https:\/\/reformisti.org.rs\/index.php?rest_route=\/wp\/v2\/pages\/345"}],"collection":[{"href":"https:\/\/reformisti.org.rs\/index.php?rest_route=\/wp\/v2\/pages"}],"about":[{"href":"https:\/\/reformisti.org.rs\/index.php?rest_route=\/wp\/v2\/types\/page"}],"author":[{"embeddable":true,"href":"https:\/\/reformisti.org.rs\/index.php?rest_route=\/wp\/v2\/users\/1"}],"replies":[{"embeddable":true,"href":"https:\/\/reformisti.org.rs\/index.php?rest_route=%2Fwp%2Fv2%2Fcomments&post=345"}],"version-history":[{"count":3,"href":"https:\/\/reformisti.org.rs\/index.php?rest_route=\/wp\/v2\/pages\/345\/revisions"}],"predecessor-version":[{"id":829,"href":"https:\/\/reformisti.org.rs\/index.php?rest_route=\/wp\/v2\/pages\/345\/revisions\/829"}],"wp:attachment":[{"href":"https:\/\/reformisti.org.rs\/index.php?rest_route=%2Fwp%2Fv2%2Fmedia&parent=345"}],"curies":[{"name":"wp","href":"https:\/\/api.w.org\/{rel}","templated":true}]}}